{"id":2357,"date":"2025-09-21T08:35:09","date_gmt":"2025-09-21T06:35:09","guid":{"rendered":"https:\/\/imaginonsautrement.art\/?page_id=2357"},"modified":"2025-09-21T08:37:52","modified_gmt":"2025-09-21T06:37:52","slug":"2357-2","status":"publish","type":"page","link":"https:\/\/imaginonsautrement.art\/?page_id=2357","title":{"rendered":""},"content":{"rendered":"\n<h1 class=\"wp-block-heading has-text-align-center\">R\u00e9bus (7\u00e8me s\u00e9rie)<\/h1>\n\n\n\n<h6 class=\"wp-block-heading has-text-align-center\">(cliquer sur chaque image &#8211; r\u00e9ponses sur Instagram)<\/h6>\n\n\n\n\n\n\n<p><\/p>\n","protected":false},"excerpt":{"rendered":"<p>R\u00e9bus (7\u00e8me s\u00e9rie) (cliquer sur chaque image &#8211; r\u00e9ponses sur Instagram)<\/p>\n","protected":false},"author":1,"featured_media":0,"parent":0,"menu_order":0,"comment_status":"closed","ping_status":"closed","template":"","meta":{"footnotes":""},"class_list":["post-2357","page","type-page","status-publish","hentry"],"_links":{"self":[{"href":"https:\/\/imaginonsautrement.art\/index.php?rest_route=\/wp\/v2\/pages\/2357","targetHints":{"allow":["GET"]}}],"collection":[{"href":"https:\/\/imaginonsautrement.art\/index.php?rest_route=\/wp\/v2\/pages"}],"about":[{"href":"https:\/\/imaginonsautrement.art\/index.php?rest_route=\/wp\/v2\/types\/page"}],"author":[{"embeddable":true,"href":"https:\/\/imaginonsautrement.art\/index.php?rest_route=\/wp\/v2\/users\/1"}],"replies":[{"embeddable":true,"href":"https:\/\/imaginonsautrement.art\/index.php?rest_route=%2Fwp%2Fv2%2Fcomments&post=2357"}],"version-history":[{"count":3,"href":"https:\/\/imaginonsautrement.art\/index.php?rest_route=\/wp\/v2\/pages\/2357\/revisions"}],"predecessor-version":[{"id":2360,"href":"https:\/\/imaginonsautrement.art\/index.php?rest_route=\/wp\/v2\/pages\/2357\/revisions\/2360"}],"wp:attachment":[{"href":"https:\/\/imaginonsautrement.art\/index.php?rest_route=%2Fwp%2Fv2%2Fmedia&parent=2357"}],"curies":[{"name":"wp","href":"https:\/\/api.w.org\/{rel}","templated":true}]}}