{"id":2252,"date":"2025-08-02T13:40:52","date_gmt":"2025-08-02T11:40:52","guid":{"rendered":"https:\/\/imaginonsautrement.art\/?page_id=2252"},"modified":"2025-09-21T08:49:49","modified_gmt":"2025-09-21T06:49:49","slug":"2252-2","status":"publish","type":"page","link":"https:\/\/imaginonsautrement.art\/?page_id=2252","title":{"rendered":""},"content":{"rendered":"\n<h1 class=\"wp-block-heading has-text-align-center\">R\u00e9bus (6\u00e8me s\u00e9rie)<\/h1>\n\n\n\n<h6 class=\"wp-block-heading has-text-align-center\">(cliquer sur chaque image pour la r\u00e9ponse)<\/h6>\n\n\n\n\n\n\n<p><\/p>\n","protected":false},"excerpt":{"rendered":"<p>R\u00e9bus (6\u00e8me s\u00e9rie) (cliquer sur chaque image pour la r\u00e9ponse)<\/p>\n","protected":false},"author":1,"featured_media":0,"parent":0,"menu_order":0,"comment_status":"closed","ping_status":"closed","template":"","meta":{"footnotes":""},"class_list":["post-2252","page","type-page","status-publish","hentry"],"_links":{"self":[{"href":"https:\/\/imaginonsautrement.art\/index.php?rest_route=\/wp\/v2\/pages\/2252","targetHints":{"allow":["GET"]}}],"collection":[{"href":"https:\/\/imaginonsautrement.art\/index.php?rest_route=\/wp\/v2\/pages"}],"about":[{"href":"https:\/\/imaginonsautrement.art\/index.php?rest_route=\/wp\/v2\/types\/page"}],"author":[{"embeddable":true,"href":"https:\/\/imaginonsautrement.art\/index.php?rest_route=\/wp\/v2\/users\/1"}],"replies":[{"embeddable":true,"href":"https:\/\/imaginonsautrement.art\/index.php?rest_route=%2Fwp%2Fv2%2Fcomments&post=2252"}],"version-history":[{"count":2,"href":"https:\/\/imaginonsautrement.art\/index.php?rest_route=\/wp\/v2\/pages\/2252\/revisions"}],"predecessor-version":[{"id":2362,"href":"https:\/\/imaginonsautrement.art\/index.php?rest_route=\/wp\/v2\/pages\/2252\/revisions\/2362"}],"wp:attachment":[{"href":"https:\/\/imaginonsautrement.art\/index.php?rest_route=%2Fwp%2Fv2%2Fmedia&parent=2252"}],"curies":[{"name":"wp","href":"https:\/\/api.w.org\/{rel}","templated":true}]}}