{"id":2159,"date":"2025-06-16T22:55:43","date_gmt":"2025-06-16T20:55:43","guid":{"rendered":"https:\/\/imaginonsautrement.art\/?page_id=2159"},"modified":"2025-06-16T22:57:04","modified_gmt":"2025-06-16T20:57:04","slug":"2159-2","status":"publish","type":"page","link":"https:\/\/imaginonsautrement.art\/?page_id=2159","title":{"rendered":""},"content":{"rendered":"\n<h1 class=\"wp-block-heading has-text-align-center\">R\u00e9bus (5\u00e8me s\u00e9rie)<\/h1>\n\n\n\n","protected":false},"excerpt":{"rendered":"<p>R\u00e9bus (5\u00e8me s\u00e9rie)<\/p>\n","protected":false},"author":1,"featured_media":0,"parent":0,"menu_order":0,"comment_status":"closed","ping_status":"closed","template":"","meta":{"footnotes":""},"class_list":["post-2159","page","type-page","status-publish","hentry"],"_links":{"self":[{"href":"https:\/\/imaginonsautrement.art\/index.php?rest_route=\/wp\/v2\/pages\/2159","targetHints":{"allow":["GET"]}}],"collection":[{"href":"https:\/\/imaginonsautrement.art\/index.php?rest_route=\/wp\/v2\/pages"}],"about":[{"href":"https:\/\/imaginonsautrement.art\/index.php?rest_route=\/wp\/v2\/types\/page"}],"author":[{"embeddable":true,"href":"https:\/\/imaginonsautrement.art\/index.php?rest_route=\/wp\/v2\/users\/1"}],"replies":[{"embeddable":true,"href":"https:\/\/imaginonsautrement.art\/index.php?rest_route=%2Fwp%2Fv2%2Fcomments&post=2159"}],"version-history":[{"count":2,"href":"https:\/\/imaginonsautrement.art\/index.php?rest_route=\/wp\/v2\/pages\/2159\/revisions"}],"predecessor-version":[{"id":2161,"href":"https:\/\/imaginonsautrement.art\/index.php?rest_route=\/wp\/v2\/pages\/2159\/revisions\/2161"}],"wp:attachment":[{"href":"https:\/\/imaginonsautrement.art\/index.php?rest_route=%2Fwp%2Fv2%2Fmedia&parent=2159"}],"curies":[{"name":"wp","href":"https:\/\/api.w.org\/{rel}","templated":true}]}}