{"id":1974,"date":"2025-02-24T22:12:00","date_gmt":"2025-02-24T21:12:00","guid":{"rendered":"https:\/\/imaginonsautrement.art\/?page_id=1974"},"modified":"2025-02-24T22:12:01","modified_gmt":"2025-02-24T21:12:01","slug":"1974-2","status":"publish","type":"page","link":"https:\/\/imaginonsautrement.art\/?page_id=1974","title":{"rendered":""},"content":{"rendered":"\n<h1 class=\"wp-block-heading has-text-align-center\">R\u00e9bus (2\u00e8me s\u00e9rie)<\/h1>\n\n\n\n\n\n\n<p><\/p>\n","protected":false},"excerpt":{"rendered":"<p>R\u00e9bus (2\u00e8me s\u00e9rie)<\/p>\n","protected":false},"author":1,"featured_media":0,"parent":0,"menu_order":0,"comment_status":"closed","ping_status":"closed","template":"","meta":{"footnotes":""},"class_list":["post-1974","page","type-page","status-publish","hentry"],"_links":{"self":[{"href":"https:\/\/imaginonsautrement.art\/index.php?rest_route=\/wp\/v2\/pages\/1974","targetHints":{"allow":["GET"]}}],"collection":[{"href":"https:\/\/imaginonsautrement.art\/index.php?rest_route=\/wp\/v2\/pages"}],"about":[{"href":"https:\/\/imaginonsautrement.art\/index.php?rest_route=\/wp\/v2\/types\/page"}],"author":[{"embeddable":true,"href":"https:\/\/imaginonsautrement.art\/index.php?rest_route=\/wp\/v2\/users\/1"}],"replies":[{"embeddable":true,"href":"https:\/\/imaginonsautrement.art\/index.php?rest_route=%2Fwp%2Fv2%2Fcomments&post=1974"}],"version-history":[{"count":1,"href":"https:\/\/imaginonsautrement.art\/index.php?rest_route=\/wp\/v2\/pages\/1974\/revisions"}],"predecessor-version":[{"id":1975,"href":"https:\/\/imaginonsautrement.art\/index.php?rest_route=\/wp\/v2\/pages\/1974\/revisions\/1975"}],"wp:attachment":[{"href":"https:\/\/imaginonsautrement.art\/index.php?rest_route=%2Fwp%2Fv2%2Fmedia&parent=1974"}],"curies":[{"name":"wp","href":"https:\/\/api.w.org\/{rel}","templated":true}]}}